{"id":122,"date":"2025-03-25T00:35:19","date_gmt":"2025-03-24T23:35:19","guid":{"rendered":"https:\/\/www.cyclopiaf.fr\/?page_id=122"},"modified":"2025-04-18T22:49:03","modified_gmt":"2025-04-18T20:49:03","slug":"tarifs","status":"publish","type":"page","link":"https:\/\/www.cyclopiaf.fr\/index.php\/tarifs\/","title":{"rendered":"Tarifs"},"content":{"rendered":"\n<h1 class=\"wp-block-heading has-text-align-center\">Tarifs<\/h1>\n\n\n\n<hr class=\"wp-block-separator has-alpha-channel-opacity\"\/>\n\n\n\n<p class=\"has-text-align-center\">Les tarifs comprennent uniquement la main d\u2019\u0153uvre (hors fourniture des pi\u00e8ces d\u00e9tach\u00e9es).<\/p>\n\n\n\n<p class=\"has-text-align-center\">La liste des tarifs d\u00e9taill\u00e9s pour toutes les prestations se trouvent dans le <a href=\"https:\/\/www.cyclopiaf.fr\/index.php\/tarifs\/#pdf_tarifs\"><strong><mark style=\"background-color:rgba(0, 0, 0, 0)\" class=\"has-inline-color has-raft-accent-secondary-color\">PDF ci-dessous<\/mark><\/strong><\/a>.<\/p>\n\n\n\n<div style=\"height:12px\" aria-hidden=\"true\" class=\"wp-block-spacer\"><\/div>\n\n\n\n<div class=\"wp-block-group alignfull has-raft-bg-alt-background-color has-background is-layout-constrained wp-container-core-group-is-layout-c2b63da3 wp-block-group-is-layout-constrained\" style=\"margin-top:0px;margin-bottom:0px;padding-top:var(--wp--preset--spacing--80);padding-right:var(--wp--preset--spacing--40);padding-bottom:var(--wp--preset--spacing--80);padding-left:var(--wp--preset--spacing--40)\">\n<details class=\"wp-block-details has-normal-font-size is-layout-flow wp-block-details-is-layout-flow\"><summary>TRANSMISSION<\/summary>\n<figure class=\"wp-block-table is-style-regular has-normal-font-size\" style=\"padding-top:0;padding-bottom:0\"><table class=\"has-raft-fg-color has-text-color has-link-color\"><tbody><tr><td>R\u00e9glage d\u2019un d\u00e9railleur<\/td><td>13\u20ac<\/td><\/tr><tr><td>Changement d\u2019un c\u00e2ble et gaine de d\u00e9railleur<\/td><td>16\u20ac<\/td><\/tr><tr><td>Changement d\u2019un c\u00e2ble et gaine de d\u00e9railleur (passage interne)<\/td><td>20\u20ac<\/td><\/tr><tr><td>Changement de s\u00e9lecteur de vitesses<\/td><td>20\u20ac<\/td><\/tr><tr><td>Changement de d\u00e9railleur<\/td><td>20\u20ac<\/td><\/tr><tr><td>Changement de cha\u00eene<\/td><td>17\u20ac<\/td><\/tr><tr><td>Changement roue libre \/ cassette<\/td><td>17\u20ac<\/td><\/tr><tr><td>Forfait &#8211; Changement cha\u00eene et roue libre \/ cassette<\/td><td>30\u20ac<\/td><\/tr><tr><td>Changement p\u00e9dalier<\/td><td>30\u20ac<\/td><\/tr><tr><td>Changement bo\u00eetier de p\u00e9dalier<\/td><td>30\u20ac<\/td><\/tr><tr><td>Entretien bo\u00eetier de p\u00e9dalier (nettoyage, graissage et r\u00e9glage)<\/td><td>30\u20ac<\/td><\/tr><tr><td>R\u00e9glage du jeu de p\u00e9dalier<\/td><td>15\u20ac<\/td><\/tr><\/tbody><\/table><\/figure>\n<\/details>\n\n\n\n<details class=\"wp-block-details is-layout-flow wp-block-details-is-layout-flow\"><summary>FREINAGE<\/summary>\n<div class=\"wp-block-columns is-layout-flex wp-container-core-columns-is-layout-28f84493 wp-block-columns-is-layout-flex\">\n<div class=\"wp-block-column is-layout-flow wp-block-column-is-layout-flow\" style=\"flex-basis:100%\">\n<div class=\"wp-block-columns is-layout-flex wp-container-core-columns-is-layout-28f84493 wp-block-columns-is-layout-flex\">\n<div class=\"wp-block-column is-layout-flow wp-block-column-is-layout-flow\">\n<figure class=\"wp-block-table is-style-regular has-normal-font-size\" style=\"margin-top:0;margin-right:0;margin-bottom:0;margin-left:0;padding-top:0;padding-right:0;padding-bottom:0;padding-left:0\"><table><tbody><tr><td>R\u00e9glage d\u2019un frein<\/td><td>13\u20ac<\/td><\/tr><tr><td>R\u00e9glage des deux freins<\/td><td>25\u20ac<\/td><\/tr><tr><td>Changement d\u2019une paire de patins ou plaquettes<\/td><td>15\u20ac<\/td><\/tr><tr><td>Changement c\u00e2ble et gaine de frein<\/td><td>16\u20ac<\/td><\/tr><tr><td>Changement c\u00e2ble et gaine de frein (passage interne)<\/td><td>20\u20ac<\/td><\/tr><tr><td>Forfait &#8211; Changement c\u00e2ble et gaine &amp; patins ou plaquettes<\/td><td>25\u20ac<\/td><\/tr><tr><td>Forfait &#8211; Changement c\u00e2ble et gaine &amp; patins ou plaquettes (passage interne)<\/td><td>30\u20ac<\/td><\/tr><tr><td>Changement levier de frein \u00e0 c\u00e2ble<\/td><td>20\u20ac<\/td><\/tr><tr><td>Changement \u00e9trier de frein \u00e0 c\u00e2ble<\/td><td>20\u20ac<\/td><\/tr><tr><td>Changement ou d\u00e9voilage disque de frein<\/td><td>15\u20ac<\/td><\/tr><\/tbody><\/table><\/figure>\n\n\n\n<p><\/p>\n<\/div>\n<\/div>\n<\/div>\n<\/div>\n<\/details>\n\n\n\n<details class=\"wp-block-details is-layout-flow wp-block-details-is-layout-flow\"><summary>DIRECTION<\/summary>\n<figure class=\"wp-block-table\"><table><tbody><tr><td>R\u00e9glage jeu de direction<\/td><td>15\u20ac<\/td><\/tr><tr><td>Entretien du jeu de direction (nettoyage, graissage et r\u00e9glage)<\/td><td>30\u20ac<\/td><\/tr><tr><td>Changement du jeu de direction<\/td><td>30\u20ac<\/td><\/tr><tr><td>Changement ruban de cintre (guidoline)<\/td><td>20\u20ac<\/td><\/tr><tr><td>Changement cintre<\/td><td>25\u20ac<\/td><\/tr><tr><td>Changement potence headset<\/td><td>20\u20ac<\/td><\/tr><tr><td>Changement fourche<\/td><td>45\u20ac<\/td><\/tr><\/tbody><\/table><\/figure>\n<\/details>\n\n\n\n<details class=\"wp-block-details is-layout-flow wp-block-details-is-layout-flow\"><summary>ROUE<\/summary>\n<figure class=\"wp-block-table\"><table><tbody><tr><td>Changement de chambre \u00e0 air (CAA) et\/ou pneu<\/td><td>13\u20ac<\/td><\/tr><tr><td>Changement de CAA \/ pneu pour VAE moteur roue, moyeu \u00e0 vitesses int\u00e9gr\u00e9es, frein tambour, v\u00e9lo hollandais, cargo<\/td><td>25\u20ac<\/td><\/tr><tr><td>D\u00e9voilage d\u2019une roue simple<\/td><td>15\u20ac<\/td><\/tr><tr><td>D\u00e9voilage d\u2019une roue complexe (&gt;6 rayons)<\/td><td>25\u20ac<\/td><\/tr><tr><td>R\u00e9glage du jeu d\u2019un moyeu<\/td><td>15\u20ac<\/td><\/tr><tr><td>Entretien d&rsquo;un moyeu (nettoyage, graissage et r\u00e9glage)<\/td><td>30\u20ac<\/td><\/tr><tr><td>Changement des roulements et\/ou d\u2019un axe de roue<\/td><td>30\u20ac<\/td><\/tr><tr><td>Changement roue avant<\/td><td>17\u20ac<\/td><\/tr><tr><td>Changement roue arri\u00e8re<\/td><td>20\u20ac<\/td><\/tr><\/tbody><\/table><\/figure>\n<\/details>\n\n\n\n<details class=\"wp-block-details is-layout-flow wp-block-details-is-layout-flow\"><summary>FORFAITS R\u00c9VISION<\/summary>\n<figure class=\"wp-block-table\"><table><tbody><tr><td><strong>R\u00e9vision s\u00e9curit\u00e9<\/strong> :<br>&#8211; Diagnostic m\u00e9canique<br>&#8211; Contr\u00f4le\/serrage visserie et direction<br>&#8211; R\u00e9glage l\u00e9ger freins<br>&#8211; Gonflage pneus<\/td><td>30\u20ac<\/td><\/tr><tr><td><strong>R\u00e9vision standard<\/strong> : R\u00e9vision s\u00e9curit\u00e9 +<br>&#8211; Lubrification\/contr\u00f4le transmission<br>&#8211; R\u00e9glage d\u00e9railleur(s)<br>&#8211; R\u00e9glage des freins<br>&#8211; D\u00e9voilage l\u00e9ger des roues<\/td><td>55\u20ac<\/td><\/tr><tr><td><strong>R\u00e9vision int\u00e9grale<\/strong> : R\u00e9vision standard +<br>&#8211; Changement des pi\u00e8ces d&rsquo;usures : patins \/ plaquettes, c\u00e2bles et gaines, cha\u00eene, cassette\/roue libre, chambre \u00e0 air, pneu<br>&#8211; R\u00e9glage des jeux moyeux roues et p\u00e9dalier<\/td><td>85\u20ac<\/td><\/tr><tr><td><strong>R\u00e9vision compl\u00e8te roue :<\/strong><br>&#8211; Nettoyage<br>&#8211; Entretien moyeu (nettoyage, graissage roulements, r\u00e9glage)<br>&#8211; D\u00e9voilage ( + changement de rayon si besoin)<br>&#8211; Changement pneu et\/ou chambre \u00e0 air<\/td><td>50\u20ac<\/td><\/tr><\/tbody><\/table><\/figure>\n<\/details>\n\n\n\n<details class=\"wp-block-details is-layout-flow wp-block-details-is-layout-flow\"><summary>MONTAGE ACCESSOIRES<\/summary>\n<figure class=\"wp-block-table\"><table><tbody><tr><td>Changement poign\u00e9es<\/td><td>6\u20ac<\/td><\/tr><tr><td>Petit accessoire<\/td><td>8\u20ac<\/td><\/tr><tr><td>Grand accessoire<\/td><td>20\u20ac<\/td><\/tr><tr><td>Kit \u00e9clairage sur dynamo<\/td><td>40\u20ac<\/td><\/tr><\/tbody><\/table><\/figure>\n<\/details>\n\n\n\n<details class=\"wp-block-details is-layout-flow wp-block-details-is-layout-flow\"><summary>AUTRES PRESTATIONS<\/summary>\n<figure class=\"wp-block-table\"><table><tbody><tr><td>Restauration v\u00e9lo Sur devis<\/td><td>Sur devis<\/td><\/tr><tr><td>Diagnostic m\u00e9canique (d\u00e9duit des r\u00e9parations \u00e9ventuelles)<\/td><td>10\u20ac<\/td><\/tr><tr><td>Nettoyage v\u00e9lo<\/td><td>20\u20ac<\/td><\/tr><tr><td>Nettoyage v\u00e9lo + polish cadre (efface micro rayures, lustrant et nourrissant)<\/td><td>30\u20ac<\/td><\/tr><tr><td>Entretien transmission (nettoyage &amp; lubrification)<\/td><td>30\u20ac<\/td><\/tr><tr><td>Montage complet v\u00e9lo achet\u00e9 sur internet<\/td><td>110\u20ac<\/td><\/tr><\/tbody><\/table><\/figure>\n<\/details>\n\n\n\n<details class=\"wp-block-details is-layout-flow wp-block-details-is-layout-flow\"><summary>FOURNITURE PI\u00c8CES D\u00c9TACH\u00c9ES <\/summary>\n<figure class=\"wp-block-table\"><table><tbody><tr><td>Paire patins de frein standards<\/td><td>5\u20ac<\/td><\/tr><tr><td>C\u00e2ble frein \/ d\u00e9railleur &amp; gaine<\/td><td>6\u20ac<\/td><\/tr><tr><td>Cha\u00eene 1 \u00e0 8 vitesses standard<\/td><td>18\u20ac<\/td><\/tr><tr><td>Cha\u00eene 9 vitesses <\/td><td>25\u20ac<\/td><\/tr><tr><td>Cha\u00eene 10 \/ 11 vitesses v\u00e9lo \u00e9lectrique<\/td><td>30\u20ac<\/td><\/tr><tr><td>Chambre \u00e0 air<\/td><td>5\u20ac<\/td><\/tr><tr><td>Pneu standard<\/td><td>20\u20ac<\/td><\/tr><tr><td>Pneu anti-crevaison<\/td><td>30\u20ac<\/td><\/tr><tr><td>Pneu anti-crevaison Schwalbe<\/td><td>40\u20ac<\/td><\/tr><\/tbody><\/table><\/figure>\n<\/details>\n<\/div>\n\n\n\n<div class=\"wp-block-group alignfull has-raft-fg-alt-color has-raft-bg-inv-background-color has-text-color has-background has-link-color wp-elements-2f5de279cbbc12a512c846cef1ff1655 is-layout-constrained wp-container-core-group-is-layout-5be2cbe1 wp-block-group-is-layout-constrained\" style=\"margin-top:0;margin-bottom:0;padding-top:var(--wp--preset--spacing--80);padding-right:var(--wp--preset--spacing--40);padding-bottom:var(--wp--preset--spacing--80);padding-left:var(--wp--preset--spacing--40)\">\n<h3 class=\"wp-block-heading has-text-align-center\">Tarifs d\u00e9placements<\/h3>\n\n\n\n<div class=\"wp-block-columns alignwide is-layout-flex wp-container-core-columns-is-layout-08c01c1c wp-block-columns-is-layout-flex\">\n<div class=\"wp-block-column is-layout-flow wp-container-core-column-is-layout-1854fbe9 wp-block-column-is-layout-flow\" style=\"border-top-style:none;border-top-width:0px;border-right-style:none;border-right-width:0px;border-bottom-style:none;border-bottom-width:0px;border-left-width:4px;padding-left:var(--wp--preset--spacing--40)\">\n<h3 class=\"wp-block-heading has-text-align-left has-medium-font-size\">Offert<\/h3>\n\n\n\n<p class=\"has-text-align-left\">Issy les Moulineaux<\/p>\n<\/div>\n\n\n\n<div class=\"wp-block-column is-layout-flow wp-container-core-column-is-layout-1854fbe9 wp-block-column-is-layout-flow\" style=\"border-top-style:none;border-top-width:0px;border-right-style:none;border-right-width:0px;border-bottom-style:none;border-bottom-width:0px;border-left-width:4px;padding-left:var(--wp--preset--spacing--40)\">\n<h3 class=\"wp-block-heading has-text-align-left has-medium-font-size\">5 \u20ac<\/h3>\n\n\n\n<p class=\"has-text-align-left\">Paris 15\u00e8me<\/p>\n\n\n\n<p>Paris 16\u00e8me Sud<\/p>\n\n\n\n<p>Boulogne<\/p>\n\n\n\n<p>Vanves<\/p>\n\n\n\n<p>Malakoff<\/p>\n\n\n\n<p>Clamart Sud<\/p>\n\n\n\n<p>Meudon Sud<\/p>\n<\/div>\n\n\n\n<div class=\"wp-block-column is-layout-flow wp-container-core-column-is-layout-1854fbe9 wp-block-column-is-layout-flow\" style=\"border-top-style:none;border-top-width:0px;border-right-style:none;border-right-width:0px;border-bottom-style:none;border-bottom-width:0px;border-left-width:4px;padding-left:var(--wp--preset--spacing--40)\">\n<h3 class=\"wp-block-heading has-text-align-left has-medium-font-size\">10 \u20ac<\/h3>\n\n\n\n<p class=\"has-text-align-left\">Paris rive gauche<\/p>\n\n\n\n<p>Paris 16\u00e8me Nord<\/p>\n\n\n\n<p>Montrouge<\/p>\n\n\n\n<p>Clamart Nord<\/p>\n\n\n\n<p>Meudon Nord<\/p>\n\n\n\n<p>Suresnes<\/p>\n\n\n\n<p>Saint-Cloud<\/p>\n<\/div>\n\n\n\n<div class=\"wp-block-column is-layout-flow wp-container-core-column-is-layout-1854fbe9 wp-block-column-is-layout-flow\" style=\"border-top-style:none;border-top-width:0px;border-right-style:none;border-right-width:0px;border-bottom-style:none;border-bottom-width:0px;border-left-width:4px;padding-left:var(--wp--preset--spacing--40)\">\n<h3 class=\"wp-block-heading has-text-align-left has-medium-font-size\">15 \u20ac<\/h3>\n\n\n\n<p class=\"has-text-align-left\">Paris rive droite<\/p>\n<\/div>\n<\/div>\n<\/div>\n\n\n\n<div class=\"wp-block-group alignfull is-layout-constrained wp-container-core-group-is-layout-876a7d94 wp-block-group-is-layout-constrained\" style=\"margin-top:0px;margin-bottom:0px;padding-top:var(--wp--preset--spacing--80);padding-right:var(--wp--preset--spacing--40);padding-bottom:var(--wp--preset--spacing--80);padding-left:var(--wp--preset--spacing--40)\">\n<div class=\"wp-block-group alignwide is-layout-flow wp-container-core-group-is-layout-cd434741 wp-block-group-is-layout-flow\">\n<div class=\"wp-block-columns are-vertically-aligned-center has-raft-bg-alt-background-color has-background is-layout-flex wp-container-core-columns-is-layout-e05d3243 wp-block-columns-is-layout-flex\" style=\"padding-top:0px;padding-right:0px;padding-bottom:0px;padding-left:0px\">\n<div class=\"wp-block-column is-vertically-aligned-center is-layout-flow wp-block-column-is-layout-flow\" style=\"flex-basis:40%\">\n<figure class=\"wp-block-image size-full\"><img loading=\"lazy\" decoding=\"async\" width=\"1420\" height=\"1242\" src=\"https:\/\/www.cyclopiaf.fr\/wp-content\/uploads\/2025\/03\/6C8A1796-mod.jpg\" alt=\"\" class=\"wp-image-242\" srcset=\"https:\/\/www.cyclopiaf.fr\/wp-content\/uploads\/2025\/03\/6C8A1796-mod.jpg 1420w, https:\/\/www.cyclopiaf.fr\/wp-content\/uploads\/2025\/03\/6C8A1796-mod-300x262.jpg 300w, https:\/\/www.cyclopiaf.fr\/wp-content\/uploads\/2025\/03\/6C8A1796-mod-1024x896.jpg 1024w, https:\/\/www.cyclopiaf.fr\/wp-content\/uploads\/2025\/03\/6C8A1796-mod-768x672.jpg 768w\" sizes=\"auto, (max-width: 1420px) 100vw, 1420px\" \/><\/figure>\n<\/div>\n\n\n\n<div class=\"wp-block-column is-vertically-aligned-center is-layout-flow wp-container-core-column-is-layout-71c1d140 wp-block-column-is-layout-flow\" style=\"padding-top:var(--wp--preset--spacing--50);padding-right:var(--wp--preset--spacing--50);padding-bottom:var(--wp--preset--spacing--50);padding-left:var(--wp--preset--spacing--50)\">\n<h4 class=\"wp-block-heading\">Devis ou rendez-vous :<\/h4>\n\n\n\n<div class=\"wp-block-buttons is-layout-flex wp-block-buttons-is-layout-flex\">\n<div class=\"wp-block-button is-style-primary\"><a class=\"wp-block-button__link wp-element-button\" href=\"mailto:contact@cyclopiaf.fr\">Mail: contact@cyclopiaf.fr<\/a><\/div>\n\n\n\n<div class=\"wp-block-button is-style-primary is-style-fill\"><a class=\"wp-block-button__link wp-element-button\" href=\"tel:0767596699\">T\u00e8l: 07 67 59 66 99<\/a><\/div>\n<\/div>\n<\/div>\n<\/div>\n<\/div>\n<\/div>\n\n\n\n<div style=\"height:50px\" aria-hidden=\"true\" class=\"wp-block-spacer\"><\/div>\n\n\n\n<div class=\"wp-block-group alignfull has-raft-fg-alt-color has-raft-accent-background-color has-text-color has-background is-layout-constrained wp-container-core-group-is-layout-87ba1f51 wp-block-group-is-layout-constrained\" id=\"pdf_tarifs\" style=\"margin-top:0px;margin-bottom:0px;padding-top:var(--wp--preset--spacing--80);padding-right:var(--wp--preset--spacing--40);padding-bottom:var(--wp--preset--spacing--80);padding-left:var(--wp--preset--spacing--40)\">\n<h2 class=\"wp-block-heading has-text-align-center has-raft-fg-alt-color has-text-color\">Retrouvez toutes les prestations propos\u00e9es et les tarifs ci-dessous :<\/h2>\n\n\n\n<div class=\"wp-block-buttons is-content-justification-center is-layout-flex wp-container-core-buttons-is-layout-a89b3969 wp-block-buttons-is-layout-flex\">\n<div class=\"wp-block-button is-style-outline is-style-outline--1\"><a class=\"wp-block-button__link has-raft-fg-alt-color has-text-color wp-element-button\" href=\"https:\/\/www.cyclopiaf.fr\/wp-content\/uploads\/2025\/03\/Cyclo_Piaf-Tarifs_2025_WEB_v1.4.pdf\">T\u00e9l\u00e9charger PDF tarifs<\/a><\/div>\n<\/div>\n<\/div>\n\n\n\n<div style=\"height:38px\" aria-hidden=\"true\" class=\"wp-block-spacer\"><\/div>\n\n\n\n<div style=\"height:181px\" aria-hidden=\"true\" class=\"wp-block-spacer\"><\/div>\n\n\n\n<p><\/p>\n","protected":false},"excerpt":{"rendered":"<p>Tarifs Les tarifs comprennent uniquement la main d\u2019\u0153uvre (hors fourniture des pi\u00e8ces d\u00e9tach\u00e9es). La liste des tarifs d\u00e9taill\u00e9s pour toutes les prestations se trouvent dans le PDF ci-dessous. Tarifs d\u00e9placements Offert Issy les Moulineaux 5 \u20ac Paris 15\u00e8me Paris 16\u00e8me Sud Boulogne Vanves Malakoff Clamart Sud Meudon Sud 10 \u20ac Paris rive gauche Paris 16\u00e8me [&hellip;]<\/p>\n","protected":false},"author":1,"featured_media":0,"parent":0,"menu_order":0,"comment_status":"closed","ping_status":"closed","template":"template-plain","meta":{"footnotes":""},"class_list":["post-122","page","type-page","status-publish","hentry"],"_links":{"self":[{"href":"https:\/\/www.cyclopiaf.fr\/index.php\/wp-json\/wp\/v2\/pages\/122","targetHints":{"allow":["GET"]}}],"collection":[{"href":"https:\/\/www.cyclopiaf.fr\/index.php\/wp-json\/wp\/v2\/pages"}],"about":[{"href":"https:\/\/www.cyclopiaf.fr\/index.php\/wp-json\/wp\/v2\/types\/page"}],"author":[{"embeddable":true,"href":"https:\/\/www.cyclopiaf.fr\/index.php\/wp-json\/wp\/v2\/users\/1"}],"replies":[{"embeddable":true,"href":"https:\/\/www.cyclopiaf.fr\/index.php\/wp-json\/wp\/v2\/comments?post=122"}],"version-history":[{"count":70,"href":"https:\/\/www.cyclopiaf.fr\/index.php\/wp-json\/wp\/v2\/pages\/122\/revisions"}],"predecessor-version":[{"id":264,"href":"https:\/\/www.cyclopiaf.fr\/index.php\/wp-json\/wp\/v2\/pages\/122\/revisions\/264"}],"wp:attachment":[{"href":"https:\/\/www.cyclopiaf.fr\/index.php\/wp-json\/wp\/v2\/media?parent=122"}],"curies":[{"name":"wp","href":"https:\/\/api.w.org\/{rel}","templated":true}]}}